{"id":2145,"date":"2025-01-03T16:37:44","date_gmt":"2025-01-03T15:37:44","guid":{"rendered":"https:\/\/senomakase.com\/?page_id=2145"},"modified":"2025-01-03T16:48:36","modified_gmt":"2025-01-03T15:48:36","slug":"regala","status":"publish","type":"page","link":"https:\/\/senomakase.com\/en\/regala\/","title":{"rendered":"Gifts"},"content":{"rendered":"<div data-elementor-type=\"wp-page\" data-elementor-id=\"2145\" class=\"elementor elementor-2145\" data-elementor-post-type=\"page\">\n\t\t\t\t\t\t<section class=\"elementor-section elementor-top-section elementor-element elementor-element-874cd27 elementor-section-boxed elementor-section-height-default elementor-section-height-default\" data-id=\"874cd27\" data-element_type=\"section\">\n\t\t\t\t\t\t<div class=\"elementor-container elementor-column-gap-default\">\n\t\t\t\t\t<div class=\"elementor-column elementor-col-100 elementor-top-column elementor-element elementor-element-1e1144f\" data-id=\"1e1144f\" data-element_type=\"column\">\n\t\t\t<div class=\"elementor-widget-wrap elementor-element-populated\">\n\t\t\t\t\t\t<div class=\"elementor-element elementor-element-4a25556 elementor-widget elementor-widget-heading\" data-id=\"4a25556\" data-element_type=\"widget\" data-widget_type=\"heading.default\">\n\t\t\t\t<div class=\"elementor-widget-container\">\n\t\t\t<style>\/*! elementor - v3.23.0 - 15-07-2024 *\/\n.elementor-heading-title{padding:0;margin:0;line-height:1}.elementor-widget-heading .elementor-heading-title[class*=elementor-size-]>a{color:inherit;font-size:inherit;line-height:inherit}.elementor-widget-heading .elementor-heading-title.elementor-size-small{font-size:15px}.elementor-widget-heading .elementor-heading-title.elementor-size-medium{font-size:19px}.elementor-widget-heading .elementor-heading-title.elementor-size-large{font-size:29px}.elementor-widget-heading .elementor-heading-title.elementor-size-xl{font-size:39px}.elementor-widget-heading .elementor-heading-title.elementor-size-xxl{font-size:59px}<\/style><h2 class=\"elementor-heading-title elementor-size-default\"><font style=\"vertical-align: inherit;\"><font style=\"vertical-align: inherit;\">Make Sen Omakase a gift<\/font><\/font><\/h2>\t\t<\/div>\n\t\t\t\t<\/div>\n\t\t\t\t<div class=\"elementor-element elementor-element-cd36402 elementor-widget elementor-widget-text-editor\" data-id=\"cd36402\" data-element_type=\"widget\" data-widget_type=\"text-editor.default\">\n\t\t\t\t<div class=\"elementor-widget-container\">\n\t\t\t<style>\/*! elementor - v3.23.0 - 15-07-2024 *\/\n.elementor-widget-text-editor.elementor-drop-cap-view-stacked .elementor-drop-cap{background-color:#69727d;color:#fff}.elementor-widget-text-editor.elementor-drop-cap-view-framed .elementor-drop-cap{color:#69727d;border:3px solid;background-color:transparent}.elementor-widget-text-editor:not(.elementor-drop-cap-view-default) .elementor-drop-cap{margin-top:8px}.elementor-widget-text-editor:not(.elementor-drop-cap-view-default) .elementor-drop-cap-letter{width:1em;height:1em}.elementor-widget-text-editor .elementor-drop-cap{float:left;text-align:center;line-height:1;font-size:50px}.elementor-widget-text-editor .elementor-drop-cap-letter{display:inline-block}<\/style>\t\t\t\t<ul><li>Make a gift of a Sen Omakase experience, a journey to Japan through its gastronomy, art and culture.<\/li><li>The gift card is valid for one year.<\/li><li>Option to purchase a tasting menu or a tasting menu with wine pairing (details to be arranged at the restaurant).<\/li><\/ul>\t\t\t\t\t\t<\/div>\n\t\t\t\t<\/div>\n\t\t\t\t<div class=\"elementor-element elementor-element-870fe9e elementor-widget elementor-widget-html\" data-id=\"870fe9e\" data-element_type=\"widget\" data-widget_type=\"html.default\">\n\t\t\t\t<div class=\"elementor-widget-container\">\n\t\t\t<script type=\"text\/javascript\" src=\"https:\/\/www.covermanager.com\/js\/iframeResizer.min.js\"><\/script><iframe\n                                                            title=\"Reservas\" src=\"https:\/\/www.covermanager.com\/eco\/buy_products\/restaurante-sen-omakase\/spanish\"\n                                                            allow=\"payment\" frameborder=\"0\" height=\"550\" width=\"100%\" onload=\"iFrameResize();\"><\/iframe>\t\t<\/div>\n\t\t\t\t<\/div>\n\t\t\t\t\t<\/div>\n\t\t<\/div>\n\t\t\t\t\t<\/div>\n\t\t<\/section>\n\t\t\t\t<\/div>","protected":false},"excerpt":{"rendered":"<p>REGALA SEN OMAKASE Regale una experiencia en Sen Omakase, un viaje a Jap\u00f3n atrav\u00e9s de su gastronomia, arte y cultura. La validez de la tarjeta regalo es de 1 a\u00f1o. Opcion de compra de Men\u00fa degustaci\u00f3n o Men\u00fa degustaci\u00f3n + maridaje (que se podr\u00e1 concretar en el restaurante)<\/p>","protected":false},"author":2,"featured_media":0,"parent":0,"menu_order":0,"comment_status":"closed","ping_status":"closed","template":"elementor_header_footer","meta":{"footnotes":""},"class_list":["post-2145","page","type-page","status-publish","hentry"],"jetpack_sharing_enabled":true,"_links":{"self":[{"href":"https:\/\/senomakase.com\/en\/wp-json\/wp\/v2\/pages\/2145","targetHints":{"allow":["GET"]}}],"collection":[{"href":"https:\/\/senomakase.com\/en\/wp-json\/wp\/v2\/pages"}],"about":[{"href":"https:\/\/senomakase.com\/en\/wp-json\/wp\/v2\/types\/page"}],"author":[{"embeddable":true,"href":"https:\/\/senomakase.com\/en\/wp-json\/wp\/v2\/users\/2"}],"replies":[{"embeddable":true,"href":"https:\/\/senomakase.com\/en\/wp-json\/wp\/v2\/comments?post=2145"}],"version-history":[{"count":7,"href":"https:\/\/senomakase.com\/en\/wp-json\/wp\/v2\/pages\/2145\/revisions"}],"predecessor-version":[{"id":2152,"href":"https:\/\/senomakase.com\/en\/wp-json\/wp\/v2\/pages\/2145\/revisions\/2152"}],"wp:attachment":[{"href":"https:\/\/senomakase.com\/en\/wp-json\/wp\/v2\/media?parent=2145"}],"curies":[{"name":"wp","href":"https:\/\/api.w.org\/{rel}","templated":true}]}}